{"id":43,"date":"2022-06-13T11:34:32","date_gmt":"2022-06-13T09:34:32","guid":{"rendered":"http:\/\/virtuellewelt.de\/colibri-wp\/"},"modified":"2022-06-13T11:46:25","modified_gmt":"2022-06-13T09:46:25","slug":"colibri-wp","status":"publish","type":"page","link":"http:\/\/virtuellewelt.de\/","title":{"rendered":"Willkommen"},"content":{"rendered":"\n<p>Das Cyberland und das Metaversa Island im Teen Second Life waren von 1997 bis 2012 Jugendcommunitys im Netz, die sich in den virtuellen Chatr\u00e4umen getroffen und ausgetauscht haben. Medienp\u00e4dagogisch begleitet wurden diese von <a href=\"http:\/\/www.metaversa.de\">Metaversa e.V.<\/a>.<\/p>\n\n\n\n<p>Mehr \u00fcber die Geschichte folgt&#8230;<\/p>\n","protected":false},"excerpt":{"rendered":"<p>Das Cyberland und das Metaversa Island im Teen Second Life waren von 1997 bis 2012 Jugendcommunitys im Netz, die sich in den virtuellen Chatr\u00e4umen getroffen und ausgetauscht haben. Medienp\u00e4dagogisch begleitet wurden diese von Metaversa e.V.. Mehr \u00fcber die Geschichte folgt&#8230;<\/p>\n","protected":false},"author":1,"featured_media":25,"parent":0,"menu_order":0,"comment_status":"closed","ping_status":"closed","template":"page-templates\/homepage.php","meta":{"footnotes":""},"class_list":["post-43","page","type-page","status-publish","has-post-thumbnail","hentry","entry"],"_links":{"self":[{"href":"http:\/\/virtuellewelt.de\/index.php?rest_route=\/wp\/v2\/pages\/43","targetHints":{"allow":["GET"]}}],"collection":[{"href":"http:\/\/virtuellewelt.de\/index.php?rest_route=\/wp\/v2\/pages"}],"about":[{"href":"http:\/\/virtuellewelt.de\/index.php?rest_route=\/wp\/v2\/types\/page"}],"author":[{"embeddable":true,"href":"http:\/\/virtuellewelt.de\/index.php?rest_route=\/wp\/v2\/users\/1"}],"replies":[{"embeddable":true,"href":"http:\/\/virtuellewelt.de\/index.php?rest_route=%2Fwp%2Fv2%2Fcomments&post=43"}],"version-history":[{"count":1,"href":"http:\/\/virtuellewelt.de\/index.php?rest_route=\/wp\/v2\/pages\/43\/revisions"}],"predecessor-version":[{"id":119,"href":"http:\/\/virtuellewelt.de\/index.php?rest_route=\/wp\/v2\/pages\/43\/revisions\/119"}],"wp:featuredmedia":[{"embeddable":true,"href":"http:\/\/virtuellewelt.de\/index.php?rest_route=\/wp\/v2\/media\/25"}],"wp:attachment":[{"href":"http:\/\/virtuellewelt.de\/index.php?rest_route=%2Fwp%2Fv2%2Fmedia&parent=43"}],"curies":[{"name":"wp","href":"https:\/\/api.w.org\/{rel}","templated":true}]}}